{"id":10051,"date":"2020-11-17T19:51:41","date_gmt":"2020-11-18T00:51:41","guid":{"rendered":"https:\/\/martinezcordoba.anaduquepublicidad.com\/?page_id=10051"},"modified":"2020-11-19T23:49:13","modified_gmt":"2020-11-20T04:49:13","slug":"litigios","status":"publish","type":"page","link":"https:\/\/martinezcordoba.com.co\/en\/litigios\/","title":{"rendered":"Litigios"},"content":{"rendered":"<body>\t\t<div data-elementor-type=\"wp-page\" data-elementor-id=\"10051\" class=\"elementor elementor-10051\">\n\t\t\t\t\t\t<section class=\"elementor-section elementor-top-section elementor-element elementor-element-a1305fd elementor-section-boxed elementor-section-height-default elementor-section-height-default\" data-id=\"a1305fd\" data-element_type=\"section\" data-e-type=\"section\">\n\t\t\t\t\t\t<div class=\"elementor-container elementor-column-gap-default\">\n\t\t\t\t\t<div class=\"elementor-column elementor-col-25 elementor-top-column elementor-element elementor-element-2f63a80\" data-id=\"2f63a80\" data-element_type=\"column\" data-e-type=\"column\">\n\t\t\t<div class=\"elementor-widget-wrap elementor-element-populated\">\n\t\t\t\t\t\t<div class=\"elementor-element elementor-element-fd50c12 elementor-widget elementor-widget-image\" data-id=\"fd50c12\" data-element_type=\"widget\" data-e-type=\"widget\" data-widget_type=\"image.default\">\n\t\t\t\t<div class=\"elementor-widget-container\">\n\t\t\t\t\t\t\t\t\t\t\t\t\t\t\t<img loading=\"lazy\" decoding=\"async\" width=\"500\" height=\"232\" src=\"https:\/\/martinezcordoba.com.co\/wp-content\/uploads\/2020\/11\/Arbitramento.jpg\" class=\"attachment-large size-large wp-image-10120\" alt=\"\" srcset=\"https:\/\/martinezcordoba.com.co\/wp-content\/uploads\/2020\/11\/Arbitramento.jpg 500w, https:\/\/martinezcordoba.com.co\/wp-content\/uploads\/2020\/11\/Arbitramento-300x139.jpg 300w, https:\/\/martinezcordoba.com.co\/wp-content\/uploads\/2020\/11\/Arbitramento-18x8.jpg 18w\" sizes=\"(max-width: 500px) 100vw, 500px\">\t\t\t\t\t\t\t\t\t\t\t\t\t\t\t<\/div>\n\t\t\t\t<\/div>\n\t\t\t\t\t<\/div>\n\t\t<\/div>\n\t\t\t\t<div class=\"elementor-column elementor-col-25 elementor-top-column elementor-element elementor-element-a2eb900\" data-id=\"a2eb900\" data-element_type=\"column\" data-e-type=\"column\">\n\t\t\t<div class=\"elementor-widget-wrap elementor-element-populated\">\n\t\t\t\t\t\t<div class=\"elementor-element elementor-element-954503c elementor-widget elementor-widget-image\" data-id=\"954503c\" data-element_type=\"widget\" data-e-type=\"widget\" data-widget_type=\"image.default\">\n\t\t\t\t<div class=\"elementor-widget-container\">\n\t\t\t\t\t\t\t\t\t\t\t\t\t\t\t<img loading=\"lazy\" decoding=\"async\" width=\"500\" height=\"232\" src=\"https:\/\/martinezcordoba.com.co\/wp-content\/uploads\/2020\/11\/Contencioso.jpg\" class=\"attachment-large size-large wp-image-10119\" alt=\"\" srcset=\"https:\/\/martinezcordoba.com.co\/wp-content\/uploads\/2020\/11\/Contencioso.jpg 500w, https:\/\/martinezcordoba.com.co\/wp-content\/uploads\/2020\/11\/Contencioso-300x139.jpg 300w, https:\/\/martinezcordoba.com.co\/wp-content\/uploads\/2020\/11\/Contencioso-18x8.jpg 18w\" sizes=\"(max-width: 500px) 100vw, 500px\">\t\t\t\t\t\t\t\t\t\t\t\t\t\t\t<\/div>\n\t\t\t\t<\/div>\n\t\t\t\t\t<\/div>\n\t\t<\/div>\n\t\t\t\t<div class=\"elementor-column elementor-col-25 elementor-top-column elementor-element elementor-element-8f94600\" data-id=\"8f94600\" data-element_type=\"column\" data-e-type=\"column\">\n\t\t\t<div class=\"elementor-widget-wrap elementor-element-populated\">\n\t\t\t\t\t\t<div class=\"elementor-element elementor-element-9b928c9 elementor-widget elementor-widget-image\" data-id=\"9b928c9\" data-element_type=\"widget\" data-e-type=\"widget\" data-widget_type=\"image.default\">\n\t\t\t\t<div class=\"elementor-widget-container\">\n\t\t\t\t\t\t\t\t\t\t\t\t\t\t\t<img loading=\"lazy\" decoding=\"async\" width=\"500\" height=\"232\" src=\"https:\/\/martinezcordoba.com.co\/wp-content\/uploads\/2020\/11\/Civil.jpg\" class=\"attachment-large size-large wp-image-10118\" alt=\"\" srcset=\"https:\/\/martinezcordoba.com.co\/wp-content\/uploads\/2020\/11\/Civil.jpg 500w, https:\/\/martinezcordoba.com.co\/wp-content\/uploads\/2020\/11\/Civil-300x139.jpg 300w, https:\/\/martinezcordoba.com.co\/wp-content\/uploads\/2020\/11\/Civil-18x8.jpg 18w\" sizes=\"(max-width: 500px) 100vw, 500px\">\t\t\t\t\t\t\t\t\t\t\t\t\t\t\t<\/div>\n\t\t\t\t<\/div>\n\t\t\t\t\t<\/div>\n\t\t<\/div>\n\t\t\t\t<div class=\"elementor-column elementor-col-25 elementor-top-column elementor-element elementor-element-2c53a4b\" data-id=\"2c53a4b\" data-element_type=\"column\" data-e-type=\"column\">\n\t\t\t<div class=\"elementor-widget-wrap elementor-element-populated\">\n\t\t\t\t\t\t<div class=\"elementor-element elementor-element-ac23f24 elementor-widget elementor-widget-image\" data-id=\"ac23f24\" data-element_type=\"widget\" data-e-type=\"widget\" data-widget_type=\"image.default\">\n\t\t\t\t<div class=\"elementor-widget-container\">\n\t\t\t\t\t\t\t\t\t\t\t\t\t\t\t<img loading=\"lazy\" decoding=\"async\" width=\"500\" height=\"232\" src=\"https:\/\/martinezcordoba.com.co\/wp-content\/uploads\/2020\/11\/Acciones.jpg\" class=\"attachment-large size-large wp-image-10117\" alt=\"\" srcset=\"https:\/\/martinezcordoba.com.co\/wp-content\/uploads\/2020\/11\/Acciones.jpg 500w, https:\/\/martinezcordoba.com.co\/wp-content\/uploads\/2020\/11\/Acciones-300x139.jpg 300w, https:\/\/martinezcordoba.com.co\/wp-content\/uploads\/2020\/11\/Acciones-18x8.jpg 18w\" sizes=\"(max-width: 500px) 100vw, 500px\">\t\t\t\t\t\t\t\t\t\t\t\t\t\t\t<\/div>\n\t\t\t\t<\/div>\n\t\t\t\t\t<\/div>\n\t\t<\/div>\n\t\t\t\t\t<\/div>\n\t\t<\/section>\n\t\t\t\t<section class=\"elementor-section elementor-top-section elementor-element elementor-element-5d5e887 elementor-section-boxed elementor-section-height-default elementor-section-height-default\" data-id=\"5d5e887\" data-element_type=\"section\" data-e-type=\"section\">\n\t\t\t\t\t\t<div class=\"elementor-container elementor-column-gap-default\">\n\t\t\t\t\t<div class=\"elementor-column elementor-col-100 elementor-top-column elementor-element elementor-element-af571e6\" data-id=\"af571e6\" data-element_type=\"column\" data-e-type=\"column\">\n\t\t\t<div class=\"elementor-widget-wrap elementor-element-populated\">\n\t\t\t\t\t\t<div class=\"elementor-element elementor-element-a88836b elementor-widget elementor-widget-text-editor\" data-id=\"a88836b\" data-element_type=\"widget\" data-e-type=\"widget\" data-widget_type=\"text-editor.default\">\n\t\t\t\t<div class=\"elementor-widget-container\">\n\t\t\t\t\t\t\t\t\t<p><strong>Acciones constitucionales<\/strong><\/p><p><strong>Civil comercial<\/strong><\/p><ul><li>Nuestro equipo cuenta con un compromiso inquebrantable para nuestros clientes, ofreciendo asesor\u00eda de alta calidad que permite desarrollar un v\u00ednculo seguro entre los intereses de las compa\u00f1\u00edas y nuestra labor de gu\u00eda.<\/li><li>Nuestra firma se caracteriza por la disciplina, pasi\u00f3n y entrega que cada uno de los abogados apuesta en cada proceso, asegurando que las decisiones que tomen nuestros clientes sean las m\u00e1s acertadas para sus negocios internos.<\/li><\/ul><p><strong>Contencioso administrativo<\/strong><\/p><ul><li>Asesor\u00edas a importantes compa\u00f1\u00edas nacionales e internacionales en distintas \u00e1reas del derecho tanto en sede administrativa como sede judicial.<\/li><\/ul><p><strong>Arbitramento<\/strong><\/p><ul><li>Hemos participado en litigios de alto inter\u00e9s en el \u00e1rea del derecho minero, con resultados sobresalientes, identificando los riesgos de exposici\u00f3n legal, y creando estrategias firmes que minimicen los posibles impactos en los negocios de las compa\u00f1\u00edas que representamos.<\/li><li>Nuestro ejercicio, experiencia y profesionalismo en el \u00e1rea de litigios, ha sido reconocido en el sector minero, por generar alternativas que protejan la reputaci\u00f3n corporativa de las compa\u00f1\u00edas, estableciendo la mejor soluci\u00f3n para cada conflicto.<\/li><\/ul>\t\t\t\t\t\t\t\t<\/div>\n\t\t\t\t<\/div>\n\t\t\t\t\t<\/div>\n\t\t<\/div>\n\t\t\t\t\t<\/div>\n\t\t<\/section>\n\t\t\t\t<\/div>\n\t\t<\/body>","protected":false},"excerpt":{"rendered":"<p>Acciones constitucionales Civil comercial Nuestro equipo cuenta con un compromiso inquebrantable para nuestros clientes, ofreciendo asesor\u00eda de alta calidad que permite desarrollar un v\u00ednculo seguro entre los intereses de las compa\u00f1\u00edas y nuestra labor de gu\u00eda. Nuestra firma se caracteriza &hellip; <\/p>","protected":false},"author":1,"featured_media":0,"parent":0,"menu_order":0,"comment_status":"closed","ping_status":"closed","template":"","meta":{"_bbp_topic_count":0,"_bbp_reply_count":0,"_bbp_total_topic_count":0,"_bbp_total_reply_count":0,"_bbp_voice_count":0,"_bbp_anonymous_reply_count":0,"_bbp_topic_count_hidden":0,"_bbp_reply_count_hidden":0,"_bbp_forum_subforum_count":0,"om_disable_all_campaigns":false,"pmpro_default_level":"","_monsterinsights_skip_tracking":false,"_monsterinsights_sitenote_active":false,"_monsterinsights_sitenote_note":"","_monsterinsights_sitenote_category":0,"footnotes":""},"class_list":["post-10051","page","type-page","status-publish","hentry","pmpro-has-access"],"_links":{"self":[{"href":"https:\/\/martinezcordoba.com.co\/en\/wp-json\/wp\/v2\/pages\/10051"}],"collection":[{"href":"https:\/\/martinezcordoba.com.co\/en\/wp-json\/wp\/v2\/pages"}],"about":[{"href":"https:\/\/martinezcordoba.com.co\/en\/wp-json\/wp\/v2\/types\/page"}],"author":[{"embeddable":true,"href":"https:\/\/martinezcordoba.com.co\/en\/wp-json\/wp\/v2\/users\/1"}],"replies":[{"embeddable":true,"href":"https:\/\/martinezcordoba.com.co\/en\/wp-json\/wp\/v2\/comments?post=10051"}],"version-history":[{"count":5,"href":"https:\/\/martinezcordoba.com.co\/en\/wp-json\/wp\/v2\/pages\/10051\/revisions"}],"predecessor-version":[{"id":10123,"href":"https:\/\/martinezcordoba.com.co\/en\/wp-json\/wp\/v2\/pages\/10051\/revisions\/10123"}],"wp:attachment":[{"href":"https:\/\/martinezcordoba.com.co\/en\/wp-json\/wp\/v2\/media?parent=10051"}],"curies":[{"name":"wp","href":"https:\/\/api.w.org\/{rel}","templated":true}]}}